{"id":136,"date":"2024-09-06T10:20:14","date_gmt":"2024-09-06T10:20:14","guid":{"rendered":"https:\/\/bmr.skydoo.com.pl\/?page_id=136"},"modified":"2024-09-09T11:41:21","modified_gmt":"2024-09-09T11:41:21","slug":"o-nas","status":"publish","type":"page","link":"https:\/\/bmr.skydoo.com.pl\/?page_id=136","title":{"rendered":"O nas"},"content":{"rendered":"\t\t<div data-elementor-type=\"wp-page\" data-elementor-id=\"136\" class=\"elementor elementor-136\" data-elementor-post-type=\"page\">\n\t\t\t\t<div class=\"elementor-element elementor-element-7553d27 e-flex e-con-boxed e-con e-parent\" data-id=\"7553d27\" data-element_type=\"container\" data-settings=\"{&quot;background_background&quot;:&quot;classic&quot;}\">\n\t\t\t\t\t<div class=\"e-con-inner\">\n\t\t\t\t<div class=\"elementor-element elementor-element-9529160 elementor-widget elementor-widget-heading\" data-id=\"9529160\" data-element_type=\"widget\" data-widget_type=\"heading.default\">\n\t\t\t\t<div class=\"elementor-widget-container\">\n\t\t\t\t\t<h2 class=\"elementor-heading-title elementor-size-default\">o nas<\/h2>\t\t\t\t<\/div>\n\t\t\t\t<\/div>\n\t\t\t\t\t<\/div>\n\t\t\t\t<\/div>\n\t\t<div class=\"elementor-element elementor-element-0b41796 e-con-full e-flex e-con e-parent\" data-id=\"0b41796\" data-element_type=\"container\">\n\t\t<div class=\"elementor-element elementor-element-d17db1e e-con-full e-flex e-con e-child\" data-id=\"d17db1e\" data-element_type=\"container\">\n\t\t\t\t<div class=\"elementor-element elementor-element-bb01c8c elementor-widget elementor-widget-image\" data-id=\"bb01c8c\" data-element_type=\"widget\" data-widget_type=\"image.default\">\n\t\t\t\t<div class=\"elementor-widget-container\">\n\t\t\t\t\t\t\t\t\t\t\t\t\t\t\t<img fetchpriority=\"high\" decoding=\"async\" width=\"800\" height=\"800\" src=\"https:\/\/bmr.skydoo.com.pl\/wp-content\/uploads\/2024\/09\/accounting-work-at-office-2023-11-27-04-55-44-utc-1@2x-1024x1024.png\" class=\"attachment-large size-large wp-image-55\" alt=\"\" srcset=\"https:\/\/bmr.skydoo.com.pl\/wp-content\/uploads\/2024\/09\/accounting-work-at-office-2023-11-27-04-55-44-utc-1@2x-1024x1024.png 1024w, https:\/\/bmr.skydoo.com.pl\/wp-content\/uploads\/2024\/09\/accounting-work-at-office-2023-11-27-04-55-44-utc-1@2x-300x300.png 300w, https:\/\/bmr.skydoo.com.pl\/wp-content\/uploads\/2024\/09\/accounting-work-at-office-2023-11-27-04-55-44-utc-1@2x-150x150.png 150w, https:\/\/bmr.skydoo.com.pl\/wp-content\/uploads\/2024\/09\/accounting-work-at-office-2023-11-27-04-55-44-utc-1@2x-768x768.png 768w, https:\/\/bmr.skydoo.com.pl\/wp-content\/uploads\/2024\/09\/accounting-work-at-office-2023-11-27-04-55-44-utc-1@2x.png 1440w\" sizes=\"(max-width: 800px) 100vw, 800px\" \/>\t\t\t\t\t\t\t\t\t\t\t\t\t\t\t<\/div>\n\t\t\t\t<\/div>\n\t\t\t\t<\/div>\n\t\t<div class=\"elementor-element elementor-element-d29d357 e-con-full e-flex e-con e-child\" data-id=\"d29d357\" data-element_type=\"container\">\n\t\t<div class=\"elementor-element elementor-element-a419e99 e-con-full e-flex e-con e-child\" data-id=\"a419e99\" data-element_type=\"container\">\n\t\t\t\t<div class=\"elementor-element elementor-element-d4db634 gradient-text elementor-widget elementor-widget-heading\" data-id=\"d4db634\" data-element_type=\"widget\" data-widget_type=\"heading.default\">\n\t\t\t\t<div class=\"elementor-widget-container\">\n\t\t\t\t\t<h2 class=\"elementor-heading-title elementor-size-default\">O nas<\/h2>\t\t\t\t<\/div>\n\t\t\t\t<\/div>\n\t\t\t\t<div class=\"elementor-element elementor-element-7187580 elementor-widget elementor-widget-heading\" data-id=\"7187580\" data-element_type=\"widget\" data-widget_type=\"heading.default\">\n\t\t\t\t<div class=\"elementor-widget-container\">\n\t\t\t\t\t<h2 class=\"elementor-heading-title elementor-size-default\">Witamy <br>\nw bmr<\/h2>\t\t\t\t<\/div>\n\t\t\t\t<\/div>\n\t\t\t\t<div class=\"elementor-element elementor-element-755391a elementor-widget elementor-widget-text-editor\" data-id=\"755391a\" data-element_type=\"widget\" data-widget_type=\"text-editor.default\">\n\t\t\t\t<div class=\"elementor-widget-container\">\n\t\t\t\t\t\t\t\t\t<p>Nasze biuro rachunkowe to zesp\u00f3\u0142 ksi\u0119gowych posiadaj\u0105cych wykszta\u0142cenie zdobyte w szko\u0142ach wy\u017cszych oraz wieloletnie do\u015bwiadczenie pozyskane przy prowadzeniu ksi\u0119gowo\u015bci firm polskich i zagranicznych (zar\u00f3wno handlowych, produkcyjnych jak i us\u0142ugowych).<\/p><p>Zatrudniamy pracownik\u00f3w dojrza\u0142ych zawodowo i \u015bwiadomych swoich powinno\u015bci. Na bie\u017c\u0105co podnosimy kwalifikacje przez uczestnictwo w bran\u017cowych szkoleniach oraz \u015bledzenie nowo\u015bci z zakresu rachunkowo\u015bci, finans\u00f3w i prawa.<\/p>\t\t\t\t\t\t\t\t<\/div>\n\t\t\t\t<\/div>\n\t\t\t\t<\/div>\n\t\t\t\t<\/div>\n\t\t\t\t<\/div>\n\t\t<div class=\"elementor-element elementor-element-d6b3f71 e-con-full e-flex e-con e-parent\" data-id=\"d6b3f71\" data-element_type=\"container\">\n\t\t<div class=\"elementor-element elementor-element-6bf1a52 e-con-full e-flex e-con e-child\" data-id=\"6bf1a52\" data-element_type=\"container\">\n\t\t<div class=\"elementor-element elementor-element-dfca3cc e-con-full e-flex e-con e-child\" data-id=\"dfca3cc\" data-element_type=\"container\">\n\t\t\t\t<div class=\"elementor-element elementor-element-e7a8a60 elementor-widget elementor-widget-text-editor\" data-id=\"e7a8a60\" data-element_type=\"widget\" data-widget_type=\"text-editor.default\">\n\t\t\t\t<div class=\"elementor-widget-container\">\n\t\t\t\t\t\t\t\t\t<p>Lorem ipsum dolor sit amet, consectetur adipiscing elit, sed do eiusmod tempor incididunt ut labore et dolore magna aliqua. Ut enim ad minim veniam, quis nostrud exercitation ullamco laboris nisi ut aliquip ex ea commodo consequat. Duis aute irure dolor in reprehenderit in voluptate velit esse cillum dolore eu fugiat nulla pariatur. Excepteur sint occaecat cupidatat non proident, sunt in culpa qui officia deserunt mollit anim id est laborum.<\/p><p>Sed ut perspiciatis unde omnis iste natus error sit voluptatem accusantium doloremque laudantium, totam rem aperiam, eaque ipsa quae ab illo inventore veritatis et quasi architecto beatae vitae dicta sunt explicabo. Nemo enim ipsam voluptatem quia voluptas sit aspernatur aut odit aut fugit, sed quia consequuntur magni dolores eos qui ratione voluptatem sequi nesciunt. Neque porro quisquam est, qui dolorem ipsum quia dolor sit amet, consectetur, adipisci velit, sed quia nonemo enim ipsam voluptatem quia voluptas sit aspernatur aut odit aut fugit, sed quia consequuntur magni dolores eos qui ratione voluptatem.<\/p>\t\t\t\t\t\t\t\t<\/div>\n\t\t\t\t<\/div>\n\t\t\t\t<div class=\"elementor-element elementor-element-5faf77a gradient-button elementor-widget elementor-widget-button\" data-id=\"5faf77a\" data-element_type=\"widget\" data-widget_type=\"button.default\">\n\t\t\t\t<div class=\"elementor-widget-container\">\n\t\t\t\t\t\t\t\t\t<div class=\"elementor-button-wrapper\">\n\t\t\t\t\t<a class=\"elementor-button elementor-button-link elementor-size-sm\" href=\"https:\/\/bmr.skydoo.com.pl\/?page_id=220\">\n\t\t\t\t\t\t<span class=\"elementor-button-content-wrapper\">\n\t\t\t\t\t\t\t\t\t<span class=\"elementor-button-text\">Kontakt<\/span>\n\t\t\t\t\t<\/span>\n\t\t\t\t\t<\/a>\n\t\t\t\t<\/div>\n\t\t\t\t\t\t\t\t<\/div>\n\t\t\t\t<\/div>\n\t\t\t\t<\/div>\n\t\t\t\t<\/div>\n\t\t<div class=\"elementor-element elementor-element-61f6fbb e-con-full e-flex e-con e-child\" data-id=\"61f6fbb\" data-element_type=\"container\">\n\t\t\t\t<div class=\"elementor-element elementor-element-e0c07bb elementor-widget elementor-widget-image\" data-id=\"e0c07bb\" data-element_type=\"widget\" data-widget_type=\"image.default\">\n\t\t\t\t<div class=\"elementor-widget-container\">\n\t\t\t\t\t\t\t\t\t\t\t\t\t\t\t<img decoding=\"async\" width=\"800\" height=\"800\" src=\"https:\/\/bmr.skydoo.com.pl\/wp-content\/uploads\/2024\/09\/accounting-work-at-office-2023-11-27-04-55-44-utc-1@2x-3-1024x1024.png\" class=\"attachment-large size-large wp-image-142\" alt=\"\" srcset=\"https:\/\/bmr.skydoo.com.pl\/wp-content\/uploads\/2024\/09\/accounting-work-at-office-2023-11-27-04-55-44-utc-1@2x-3-1024x1024.png 1024w, https:\/\/bmr.skydoo.com.pl\/wp-content\/uploads\/2024\/09\/accounting-work-at-office-2023-11-27-04-55-44-utc-1@2x-3-300x300.png 300w, https:\/\/bmr.skydoo.com.pl\/wp-content\/uploads\/2024\/09\/accounting-work-at-office-2023-11-27-04-55-44-utc-1@2x-3-150x150.png 150w, https:\/\/bmr.skydoo.com.pl\/wp-content\/uploads\/2024\/09\/accounting-work-at-office-2023-11-27-04-55-44-utc-1@2x-3-768x768.png 768w, https:\/\/bmr.skydoo.com.pl\/wp-content\/uploads\/2024\/09\/accounting-work-at-office-2023-11-27-04-55-44-utc-1@2x-3.png 1440w\" sizes=\"(max-width: 800px) 100vw, 800px\" \/>\t\t\t\t\t\t\t\t\t\t\t\t\t\t\t<\/div>\n\t\t\t\t<\/div>\n\t\t\t\t<\/div>\n\t\t\t\t<\/div>\n\t\t<div class=\"elementor-element elementor-element-f188a5b e-flex e-con-boxed e-con e-parent\" data-id=\"f188a5b\" data-element_type=\"container\">\n\t\t\t\t\t<div class=\"e-con-inner\">\n\t\t\t\t<div class=\"elementor-element elementor-element-e0896fe gradient-text elementor-widget elementor-widget-heading\" data-id=\"e0896fe\" data-element_type=\"widget\" data-widget_type=\"heading.default\">\n\t\t\t\t<div class=\"elementor-widget-container\">\n\t\t\t\t\t<h2 class=\"elementor-heading-title elementor-size-default\">OPINIE<\/h2>\t\t\t\t<\/div>\n\t\t\t\t<\/div>\n\t\t\t\t<div class=\"elementor-element elementor-element-adfaef7 elementor-widget elementor-widget-heading\" data-id=\"adfaef7\" data-element_type=\"widget\" data-widget_type=\"heading.default\">\n\t\t\t\t<div class=\"elementor-widget-container\">\n\t\t\t\t\t<h2 class=\"elementor-heading-title elementor-size-default\">KLIENCI M\u00d3WI\u0104 O nas<\/h2>\t\t\t\t<\/div>\n\t\t\t\t<\/div>\n\t\t<div class=\"elementor-element elementor-element-acefe1c e-flex e-con-boxed e-con e-child\" data-id=\"acefe1c\" data-element_type=\"container\">\n\t\t\t\t\t<div class=\"e-con-inner\">\n\t\t<div class=\"elementor-element elementor-element-52d65ea e-con-full e-flex e-con e-child\" data-id=\"52d65ea\" data-element_type=\"container\">\n\t\t\t\t<div class=\"elementor-element elementor-element-0128c7f elementor-widget__width-initial elementor-widget elementor-widget-image\" data-id=\"0128c7f\" data-element_type=\"widget\" data-widget_type=\"image.default\">\n\t\t\t\t<div class=\"elementor-widget-container\">\n\t\t\t\t\t\t\t\t\t\t\t\t\t\t\t<img decoding=\"async\" width=\"800\" height=\"541\" src=\"https:\/\/bmr.skydoo.com.pl\/wp-content\/uploads\/2024\/09\/Group-4-1-1.svg\" class=\"attachment-large size-large wp-image-100\" alt=\"\" \/>\t\t\t\t\t\t\t\t\t\t\t\t\t\t\t<\/div>\n\t\t\t\t<\/div>\n\t\t\t\t<\/div>\n\t\t<div class=\"elementor-element elementor-element-3e80d6d e-con-full e-flex e-con e-child\" data-id=\"3e80d6d\" data-element_type=\"container\">\n\t\t\t\t<div class=\"elementor-element elementor-element-35cbca1 elementor-testimonial--align-left testimonials elementor-testimonial--skin-default elementor-testimonial--layout-image_inline elementor-pagination-type-bullets elementor-widget elementor-widget-testimonial-carousel\" data-id=\"35cbca1\" data-element_type=\"widget\" data-settings=\"{&quot;pagination&quot;:&quot;bullets&quot;,&quot;speed&quot;:500,&quot;autoplay&quot;:&quot;yes&quot;,&quot;autoplay_speed&quot;:5000,&quot;loop&quot;:&quot;yes&quot;,&quot;pause_on_hover&quot;:&quot;yes&quot;,&quot;pause_on_interaction&quot;:&quot;yes&quot;,&quot;space_between&quot;:{&quot;unit&quot;:&quot;px&quot;,&quot;size&quot;:10,&quot;sizes&quot;:[]},&quot;space_between_laptop&quot;:{&quot;unit&quot;:&quot;px&quot;,&quot;size&quot;:10,&quot;sizes&quot;:[]},&quot;space_between_tablet&quot;:{&quot;unit&quot;:&quot;px&quot;,&quot;size&quot;:10,&quot;sizes&quot;:[]},&quot;space_between_mobile&quot;:{&quot;unit&quot;:&quot;px&quot;,&quot;size&quot;:10,&quot;sizes&quot;:[]}}\" data-widget_type=\"testimonial-carousel.default\">\n\t\t\t\t<div class=\"elementor-widget-container\">\n\t\t\t\t\t\t\t<div class=\"elementor-swiper\">\n\t\t\t<div class=\"elementor-main-swiper swiper-container\">\n\t\t\t\t<div class=\"swiper-wrapper\">\n\t\t\t\t\t\t\t\t\t\t\t<div class=\"swiper-slide\">\n\t\t\t\t\t\t\t\t\t<div class=\"elementor-testimonial\">\n\t\t\t\t\t\t\t<div class=\"elementor-testimonial__content\">\n\t\t\t\t\t<div class=\"elementor-testimonial__text\">\n\t\t\t\t\t\tOpisz osob\u0119 opiniowan\u0105, jej dzia\u0142alno\u015b\u0107, zachowanie, aktywno\u015b\u0107, kompetencje, umiej\u0119tno\u015bci, osi\u0105gni\u0119cia, sukcesy - w zale\u017cno\u015bci od rodzaju\u00a0opinii. Wystaw swoj\u0105 ocen\u0119. Okre\u015bl cel i pow\u00f3d wystawienia\u00a0opinii. Podpisz si\u0119 pod opini\u0105 imieniem i nazwiskiem.\t\t\t\t\t<\/div>\n\t\t\t\t\t\t\t\t\t<\/div>\n\t\t\t\t\t\t<div class=\"elementor-testimonial__footer\">\n\t\t\t\t\t\t\t\t<cite class=\"elementor-testimonial__cite\"><span class=\"elementor-testimonial__name\">Patryk Bull<\/span><\/cite>\t\t\t<\/div>\n\t\t<\/div>\n\t\t\t\t\t\t\t\t<\/div>\n\t\t\t\t\t\t\t\t\t\t\t<div class=\"swiper-slide\">\n\t\t\t\t\t\t\t\t\t<div class=\"elementor-testimonial\">\n\t\t\t\t\t\t\t<div class=\"elementor-testimonial__content\">\n\t\t\t\t\t<div class=\"elementor-testimonial__text\">\n\t\t\t\t\t\tOpisz osob\u0119 opiniowan\u0105, jej dzia\u0142alno\u015b\u0107, zachowanie, aktywno\u015b\u0107, kompetencje, umiej\u0119tno\u015bci, osi\u0105gni\u0119cia, sukcesy - w zale\u017cno\u015bci od rodzaju\u00a0opinii. Wystaw swoj\u0105 ocen\u0119. Okre\u015bl cel i pow\u00f3d wystawienia\u00a0opinii. Podpisz si\u0119 pod opini\u0105 imieniem i nazwiskiem.\t\t\t\t\t<\/div>\n\t\t\t\t\t\t\t\t\t<\/div>\n\t\t\t\t\t\t<div class=\"elementor-testimonial__footer\">\n\t\t\t\t\t\t\t\t<cite class=\"elementor-testimonial__cite\"><span class=\"elementor-testimonial__name\">Patryk Bull<\/span><\/cite>\t\t\t<\/div>\n\t\t<\/div>\n\t\t\t\t\t\t\t\t<\/div>\n\t\t\t\t\t\t\t\t\t\t\t<div class=\"swiper-slide\">\n\t\t\t\t\t\t\t\t\t<div class=\"elementor-testimonial\">\n\t\t\t\t\t\t\t<div class=\"elementor-testimonial__content\">\n\t\t\t\t\t<div class=\"elementor-testimonial__text\">\n\t\t\t\t\t\tOpisz osob\u0119 opiniowan\u0105, jej dzia\u0142alno\u015b\u0107, zachowanie, aktywno\u015b\u0107, kompetencje, umiej\u0119tno\u015bci, osi\u0105gni\u0119cia, sukcesy - w zale\u017cno\u015bci od rodzaju\u00a0opinii. Wystaw swoj\u0105 ocen\u0119. Okre\u015bl cel i pow\u00f3d wystawienia\u00a0opinii. Podpisz si\u0119 pod opini\u0105 imieniem i nazwiskiem.\t\t\t\t\t<\/div>\n\t\t\t\t\t\t\t\t\t<\/div>\n\t\t\t\t\t\t<div class=\"elementor-testimonial__footer\">\n\t\t\t\t\t\t\t\t<cite class=\"elementor-testimonial__cite\"><span class=\"elementor-testimonial__name\">Patryk Bull<\/span><\/cite>\t\t\t<\/div>\n\t\t<\/div>\n\t\t\t\t\t\t\t\t<\/div>\n\t\t\t\t\t\t\t\t\t\t\t<div class=\"swiper-slide\">\n\t\t\t\t\t\t\t\t\t<div class=\"elementor-testimonial\">\n\t\t\t\t\t\t\t<div class=\"elementor-testimonial__content\">\n\t\t\t\t\t<div class=\"elementor-testimonial__text\">\n\t\t\t\t\t\tOpisz osob\u0119 opiniowan\u0105, jej dzia\u0142alno\u015b\u0107, zachowanie, aktywno\u015b\u0107, kompetencje, umiej\u0119tno\u015bci, osi\u0105gni\u0119cia, sukcesy - w zale\u017cno\u015bci od rodzaju\u00a0opinii. Wystaw swoj\u0105 ocen\u0119. Okre\u015bl cel i pow\u00f3d wystawienia\u00a0opinii. Podpisz si\u0119 pod opini\u0105 imieniem i nazwiskiem.\t\t\t\t\t<\/div>\n\t\t\t\t\t\t\t\t\t<\/div>\n\t\t\t\t\t\t<div class=\"elementor-testimonial__footer\">\n\t\t\t\t\t\t\t\t<cite class=\"elementor-testimonial__cite\"><span class=\"elementor-testimonial__name\">Patryk Bull<\/span><\/cite>\t\t\t<\/div>\n\t\t<\/div>\n\t\t\t\t\t\t\t\t<\/div>\n\t\t\t\t\t\t\t\t\t<\/div>\n\t\t\t\t\t\t\t\t\t\t\t\t\t\t\t<div class=\"swiper-pagination\"><\/div>\n\t\t\t\t\t\t\t\t\t\t\t\t\t\t\t\t\t<\/div>\n\t\t<\/div>\n\t\t\t\t\t\t<\/div>\n\t\t\t\t<\/div>\n\t\t\t\t<\/div>\n\t\t\t\t\t<\/div>\n\t\t\t\t<\/div>\n\t\t\t\t\t<\/div>\n\t\t\t\t<\/div>\n\t\t<div class=\"elementor-element elementor-element-b46ce14 e-flex e-con-boxed e-con e-parent\" data-id=\"b46ce14\" data-element_type=\"container\" data-settings=\"{&quot;background_background&quot;:&quot;classic&quot;}\">\n\t\t\t\t\t<div class=\"e-con-inner\">\n\t\t<div class=\"elementor-element elementor-element-4ab3983 e-con-full e-flex e-con e-child\" data-id=\"4ab3983\" data-element_type=\"container\">\n\t\t\t\t<div class=\"elementor-element elementor-element-296f05a elementor-widget-mobile__width-initial elementor-widget elementor-widget-counter\" data-id=\"296f05a\" data-element_type=\"widget\" data-widget_type=\"counter.default\">\n\t\t\t\t<div class=\"elementor-widget-container\">\n\t\t\t\t\t\t\t<div class=\"elementor-counter\">\n\t\t\t<div class=\"elementor-counter-title\">POZYTYWNYCH OPINII<\/div>\t\t\t<div class=\"elementor-counter-number-wrapper\">\n\t\t\t\t<span class=\"elementor-counter-number-prefix\"><\/span>\n\t\t\t\t<span class=\"elementor-counter-number\" data-duration=\"2000\" data-to-value=\"100\" data-from-value=\"0\" data-delimiter=\",\">0<\/span>\n\t\t\t\t<span class=\"elementor-counter-number-suffix\">+<\/span>\n\t\t\t<\/div>\n\t\t<\/div>\n\t\t\t\t\t\t<\/div>\n\t\t\t\t<\/div>\n\t\t\t\t<div class=\"elementor-element elementor-element-c7edef4 elementor-widget-mobile__width-initial elementor-widget elementor-widget-counter\" data-id=\"c7edef4\" data-element_type=\"widget\" data-widget_type=\"counter.default\">\n\t\t\t\t<div class=\"elementor-widget-container\">\n\t\t\t\t\t\t\t<div class=\"elementor-counter\">\n\t\t\t<div class=\"elementor-counter-title\">LAT DO\u015aWIADCZENIA<br> W KSI\u0118GOWO\u015aCI<\/div>\t\t\t<div class=\"elementor-counter-number-wrapper\">\n\t\t\t\t<span class=\"elementor-counter-number-prefix\"><\/span>\n\t\t\t\t<span class=\"elementor-counter-number\" data-duration=\"2000\" data-to-value=\"15\" data-from-value=\"0\" data-delimiter=\",\">0<\/span>\n\t\t\t\t<span class=\"elementor-counter-number-suffix\">+<\/span>\n\t\t\t<\/div>\n\t\t<\/div>\n\t\t\t\t\t\t<\/div>\n\t\t\t\t<\/div>\n\t\t\t\t<\/div>\n\t\t<div class=\"elementor-element elementor-element-6cc8c50 e-con-full e-flex e-con e-child\" data-id=\"6cc8c50\" data-element_type=\"container\">\n\t\t\t\t<div class=\"elementor-element elementor-element-610fcd9 elementor-widget elementor-widget-image\" data-id=\"610fcd9\" data-element_type=\"widget\" data-widget_type=\"image.default\">\n\t\t\t\t<div class=\"elementor-widget-container\">\n\t\t\t\t\t\t\t\t\t\t\t\t\t\t\t<img loading=\"lazy\" decoding=\"async\" width=\"800\" height=\"541\" src=\"https:\/\/bmr.skydoo.com.pl\/wp-content\/uploads\/2024\/09\/logo-1.svg\" class=\"attachment-large size-large wp-image-70\" alt=\"\" \/>\t\t\t\t\t\t\t\t\t\t\t\t\t\t\t<\/div>\n\t\t\t\t<\/div>\n\t\t\t\t<\/div>\n\t\t<div class=\"elementor-element elementor-element-e0a407d e-con-full e-flex e-con e-child\" data-id=\"e0a407d\" data-element_type=\"container\">\n\t\t\t\t<div class=\"elementor-element elementor-element-322a596 elementor-widget elementor-widget-counter\" data-id=\"322a596\" data-element_type=\"widget\" data-widget_type=\"counter.default\">\n\t\t\t\t<div class=\"elementor-widget-container\">\n\t\t\t\t\t\t\t<div class=\"elementor-counter\">\n\t\t\t<div class=\"elementor-counter-title\">DO\u015aWIADCZENIA W <br>KIEROWANIU <br>ZESPO\u0141EM<\/div>\t\t\t<div class=\"elementor-counter-number-wrapper\">\n\t\t\t\t<span class=\"elementor-counter-number-prefix\"><\/span>\n\t\t\t\t<span class=\"elementor-counter-number\" data-duration=\"2000\" data-to-value=\"10\" data-from-value=\"0\" data-delimiter=\",\">0<\/span>\n\t\t\t\t<span class=\"elementor-counter-number-suffix\">+<\/span>\n\t\t\t<\/div>\n\t\t<\/div>\n\t\t\t\t\t\t<\/div>\n\t\t\t\t<\/div>\n\t\t\t\t<div class=\"elementor-element elementor-element-4f909b3 elementor-widget elementor-widget-counter\" data-id=\"4f909b3\" data-element_type=\"widget\" data-widget_type=\"counter.default\">\n\t\t\t\t<div class=\"elementor-widget-container\">\n\t\t\t\t\t\t\t<div class=\"elementor-counter\">\n\t\t\t<div class=\"elementor-counter-title\">ZAUFANYCH <br>KLIENT\u00d3W<\/div>\t\t\t<div class=\"elementor-counter-number-wrapper\">\n\t\t\t\t<span class=\"elementor-counter-number-prefix\"><\/span>\n\t\t\t\t<span class=\"elementor-counter-number\" data-duration=\"2000\" data-to-value=\"150\" data-from-value=\"0\" data-delimiter=\",\">0<\/span>\n\t\t\t\t<span class=\"elementor-counter-number-suffix\">+<\/span>\n\t\t\t<\/div>\n\t\t<\/div>\n\t\t\t\t\t\t<\/div>\n\t\t\t\t<\/div>\n\t\t\t\t<\/div>\n\t\t\t\t\t<\/div>\n\t\t\t\t<\/div>\n\t\t<div class=\"elementor-element elementor-element-084e7be e-flex e-con-boxed e-con e-parent\" data-id=\"084e7be\" data-element_type=\"container\">\n\t\t\t\t\t<div class=\"e-con-inner\">\n\t\t<div class=\"elementor-element elementor-element-01624d3 e-con-full e-flex e-con e-child\" data-id=\"01624d3\" data-element_type=\"container\">\n\t\t\t\t<div class=\"elementor-element elementor-element-da1293a gradient-text elementor-widget elementor-widget-heading\" data-id=\"da1293a\" data-element_type=\"widget\" data-widget_type=\"heading.default\">\n\t\t\t\t<div class=\"elementor-widget-container\">\n\t\t\t\t\t<h2 class=\"elementor-heading-title elementor-size-default\">nasze artyku\u0142y<\/h2>\t\t\t\t<\/div>\n\t\t\t\t<\/div>\n\t\t\t\t<div class=\"elementor-element elementor-element-70aac35 elementor-widget elementor-widget-heading\" data-id=\"70aac35\" data-element_type=\"widget\" data-widget_type=\"heading.default\">\n\t\t\t\t<div class=\"elementor-widget-container\">\n\t\t\t\t\t<h2 class=\"elementor-heading-title elementor-size-default\">blog<\/h2>\t\t\t\t<\/div>\n\t\t\t\t<\/div>\n\t\t\t\t<\/div>\n\t\t<div class=\"elementor-element elementor-element-ad0e200 e-con-full e-flex e-con e-child\" data-id=\"ad0e200\" data-element_type=\"container\">\n\t\t\t\t<div class=\"elementor-element elementor-element-cb31b42 elementor-align-right gradient-button elementor-mobile-align-left elementor-widget elementor-widget-button\" data-id=\"cb31b42\" data-element_type=\"widget\" data-widget_type=\"button.default\">\n\t\t\t\t<div class=\"elementor-widget-container\">\n\t\t\t\t\t\t\t\t\t<div class=\"elementor-button-wrapper\">\n\t\t\t\t\t<a class=\"elementor-button elementor-button-link elementor-size-sm\" href=\"https:\/\/bmr.skydoo.com.pl\/?page_id=174\">\n\t\t\t\t\t\t<span class=\"elementor-button-content-wrapper\">\n\t\t\t\t\t\t\t\t\t<span class=\"elementor-button-text\">Wi\u0119cej artyku\u0142ow<\/span>\n\t\t\t\t\t<\/span>\n\t\t\t\t\t<\/a>\n\t\t\t\t<\/div>\n\t\t\t\t\t\t\t\t<\/div>\n\t\t\t\t<\/div>\n\t\t\t\t<\/div>\n\t\t\t\t\t<\/div>\n\t\t\t\t<\/div>\n\t\t<div class=\"elementor-element elementor-element-bdc935a e-flex e-con-boxed e-con e-parent\" data-id=\"bdc935a\" data-element_type=\"container\">\n\t\t\t\t\t<div class=\"e-con-inner\">\n\t\t\t\t<div class=\"elementor-element elementor-element-d022397 elementor-grid-3 elementor-grid-tablet-2 elementor-grid-mobile-1 elementor-posts--thumbnail-top elementor-widget elementor-widget-posts\" data-id=\"d022397\" data-element_type=\"widget\" data-settings=\"{&quot;classic_columns&quot;:&quot;3&quot;,&quot;classic_columns_tablet&quot;:&quot;2&quot;,&quot;classic_columns_mobile&quot;:&quot;1&quot;,&quot;classic_row_gap&quot;:{&quot;unit&quot;:&quot;px&quot;,&quot;size&quot;:35,&quot;sizes&quot;:[]},&quot;classic_row_gap_laptop&quot;:{&quot;unit&quot;:&quot;px&quot;,&quot;size&quot;:&quot;&quot;,&quot;sizes&quot;:[]},&quot;classic_row_gap_tablet&quot;:{&quot;unit&quot;:&quot;px&quot;,&quot;size&quot;:&quot;&quot;,&quot;sizes&quot;:[]},&quot;classic_row_gap_mobile&quot;:{&quot;unit&quot;:&quot;px&quot;,&quot;size&quot;:&quot;&quot;,&quot;sizes&quot;:[]}}\" data-widget_type=\"posts.classic\">\n\t\t\t\t<div class=\"elementor-widget-container\">\n\t\t\t\t\t\t\t<div class=\"elementor-posts-container elementor-posts elementor-posts--skin-classic elementor-grid\">\n\t\t\t\t<article class=\"elementor-post elementor-grid-item post-157 post type-post status-publish format-standard has-post-thumbnail hentry category-uncategorized\">\n\t\t\t\t<a class=\"elementor-post__thumbnail__link\" href=\"https:\/\/bmr.skydoo.com.pl\/?p=157\" tabindex=\"-1\" >\n\t\t\t<div class=\"elementor-post__thumbnail\"><img loading=\"lazy\" decoding=\"async\" width=\"768\" height=\"512\" src=\"https:\/\/bmr.skydoo.com.pl\/wp-content\/uploads\/2024\/09\/908948486db03103d6bc8e8dfc0e255d-768x512.png\" class=\"attachment-medium_large size-medium_large wp-image-158\" alt=\"\" srcset=\"https:\/\/bmr.skydoo.com.pl\/wp-content\/uploads\/2024\/09\/908948486db03103d6bc8e8dfc0e255d-768x512.png 768w, https:\/\/bmr.skydoo.com.pl\/wp-content\/uploads\/2024\/09\/908948486db03103d6bc8e8dfc0e255d-300x200.png 300w, https:\/\/bmr.skydoo.com.pl\/wp-content\/uploads\/2024\/09\/908948486db03103d6bc8e8dfc0e255d-1024x683.png 1024w, https:\/\/bmr.skydoo.com.pl\/wp-content\/uploads\/2024\/09\/908948486db03103d6bc8e8dfc0e255d.png 1380w\" sizes=\"(max-width: 768px) 100vw, 768px\" \/><\/div>\n\t\t<\/a>\n\t\t\t\t<div class=\"elementor-post__text\">\n\t\t\t\t<h3 class=\"elementor-post__title\">\n\t\t\t<a href=\"https:\/\/bmr.skydoo.com.pl\/?p=157\" >\n\t\t\t\tCzy ka\u017cdy mo\u017ce sta\u0107 si\u0119 w\u0142a\u015bcicielem Biura?\t\t\t<\/a>\n\t\t<\/h3>\n\t\t\t\t<div class=\"elementor-post__meta-data\">\n\t\t\t\t\t<span class=\"elementor-post-date\">\n\t\t\t6 wrze\u015bnia, 2024\t\t<\/span>\n\t\t\t\t<\/div>\n\t\t\t\t<div class=\"elementor-post__excerpt\">\n\t\t\t<p>To pytanie kiedy\u015b zada\u0142a mi moja znajoma, przygl\u0105daj\u0105c mi si\u0119 jak (jej zdaniem) z ogromn\u0105 lekko\u015bci\u0105 przychodzi mi prowadzenie w\u0142asnego<\/p>\n\t\t<\/div>\n\t\t\t\t<\/div>\n\t\t\t\t<\/article>\n\t\t\t\t<\/div>\n\t\t\n\t\t\t\t\t\t<\/div>\n\t\t\t\t<\/div>\n\t\t\t\t\t<\/div>\n\t\t\t\t<\/div>\n\t\t\t\t<\/div>\n\t\t","protected":false},"excerpt":{"rendered":"<p>o nas O nas Witamy w bmr Nasze biuro rachunkowe to zesp\u00f3\u0142 ksi\u0119gowych posiadaj\u0105cych wykszta\u0142cenie zdobyte w szko\u0142ach wy\u017cszych oraz wieloletnie do\u015bwiadczenie pozyskane przy prowadzeniu ksi\u0119gowo\u015bci firm polskich i zagranicznych (zar\u00f3wno handlowych, produkcyjnych jak i us\u0142ugowych). Zatrudniamy pracownik\u00f3w dojrza\u0142ych zawodowo i \u015bwiadomych swoich powinno\u015bci. Na bie\u017c\u0105co podnosimy kwalifikacje przez uczestnictwo w bran\u017cowych szkoleniach oraz \u015bledzenie [&hellip;]<\/p>\n","protected":false},"author":1,"featured_media":0,"parent":0,"menu_order":0,"comment_status":"closed","ping_status":"closed","template":"elementor_header_footer","meta":{"inline_featured_image":false,"footnotes":""},"class_list":["post-136","page","type-page","status-publish","hentry"],"_links":{"self":[{"href":"https:\/\/bmr.skydoo.com.pl\/index.php?rest_route=\/wp\/v2\/pages\/136","targetHints":{"allow":["GET"]}}],"collection":[{"href":"https:\/\/bmr.skydoo.com.pl\/index.php?rest_route=\/wp\/v2\/pages"}],"about":[{"href":"https:\/\/bmr.skydoo.com.pl\/index.php?rest_route=\/wp\/v2\/types\/page"}],"author":[{"embeddable":true,"href":"https:\/\/bmr.skydoo.com.pl\/index.php?rest_route=\/wp\/v2\/users\/1"}],"replies":[{"embeddable":true,"href":"https:\/\/bmr.skydoo.com.pl\/index.php?rest_route=%2Fwp%2Fv2%2Fcomments&post=136"}],"version-history":[{"count":46,"href":"https:\/\/bmr.skydoo.com.pl\/index.php?rest_route=\/wp\/v2\/pages\/136\/revisions"}],"predecessor-version":[{"id":310,"href":"https:\/\/bmr.skydoo.com.pl\/index.php?rest_route=\/wp\/v2\/pages\/136\/revisions\/310"}],"wp:attachment":[{"href":"https:\/\/bmr.skydoo.com.pl\/index.php?rest_route=%2Fwp%2Fv2%2Fmedia&parent=136"}],"curies":[{"name":"wp","href":"https:\/\/api.w.org\/{rel}","templated":true}]}}